{"id":62,"date":"2022-04-20T12:15:01","date_gmt":"2022-04-20T10:15:01","guid":{"rendered":"https:\/\/www.worldwindwave.com\/?page_id=62"},"modified":"2022-04-23T12:25:37","modified_gmt":"2022-04-23T10:25:37","slug":"pluviometrie","status":"publish","type":"page","link":"https:\/\/www.worldwindwave.com\/?page_id=62","title":{"rendered":"PLUVIOM\u00c9TRIE"},"content":{"rendered":"\n<p>INSTANTAN\u00c9E<\/p>\n\n\n\n<div class=\"wp-container-1 wp-block-group\"><div class=\"wp-block-group__inner-container\"><div id=\"amchart1\" style=\"width: 100%; height: 300px;\"><\/div>\n<\/div><\/div>\n\n\n\n<p>CUMUL DE LA JOURN\u00c9E<\/p>\n\n\n<div id=\"amchart2\" style=\"width: 100%; height: 400px;\"><\/div>\n\n\n\n<p>CUMUL DU MOIS<\/p>\n\n\n<div id=\"amchart3\" style=\"width: 100%; height: 400px;\"><\/div>\n\n\n\n<p>CUMUL SUR LA SAISON (d\u00e9but 01 Ao\u00fbt)<\/p>\n\n\n<div id=\"amchart4\" style=\"width: 100%; height: 500px;\"><\/div>\r\n<div id=\"$CHART1$\" style=\"width: 100%; height: 500px;\"><\/div>\r\n<div id=\"$CHART2$\" style=\"width: 100%; height: 500px;\"><\/div>\n\n\n<div id=\"$CHART2$\" style=\"width: 100%; height: 500px;\"><\/div>\n","protected":false},"excerpt":{"rendered":"<p>INSTANTAN\u00c9E CUMUL DE LA JOURN\u00c9E CUMUL DU MOIS CUMUL SUR LA SAISON (d\u00e9but 01 Ao\u00fbt)<\/p>\n","protected":false},"author":1,"featured_media":0,"parent":0,"menu_order":0,"comment_status":"closed","ping_status":"closed","template":"","meta":[],"_links":{"self":[{"href":"https:\/\/www.worldwindwave.com\/index.php?rest_route=\/wp\/v2\/pages\/62"}],"collection":[{"href":"https:\/\/www.worldwindwave.com\/index.php?rest_route=\/wp\/v2\/pages"}],"about":[{"href":"https:\/\/www.worldwindwave.com\/index.php?rest_route=\/wp\/v2\/types\/page"}],"author":[{"embeddable":true,"href":"https:\/\/www.worldwindwave.com\/index.php?rest_route=\/wp\/v2\/users\/1"}],"replies":[{"embeddable":true,"href":"https:\/\/www.worldwindwave.com\/index.php?rest_route=%2Fwp%2Fv2%2Fcomments&post=62"}],"version-history":[{"count":19,"href":"https:\/\/www.worldwindwave.com\/index.php?rest_route=\/wp\/v2\/pages\/62\/revisions"}],"predecessor-version":[{"id":125,"href":"https:\/\/www.worldwindwave.com\/index.php?rest_route=\/wp\/v2\/pages\/62\/revisions\/125"}],"wp:attachment":[{"href":"https:\/\/www.worldwindwave.com\/index.php?rest_route=%2Fwp%2Fv2%2Fmedia&parent=62"}],"curies":[{"name":"wp","href":"https:\/\/api.w.org\/{rel}","templated":true}]}}